{"id":11,"date":"2022-07-01T09:58:43","date_gmt":"2022-07-01T09:58:43","guid":{"rendered":"https:\/\/demoapus1.com\/educrat\/tutor\/lp-term-conditions\/"},"modified":"2022-12-21T14:10:59","modified_gmt":"2022-12-21T14:10:59","slug":"quality-assurance","status":"publish","type":"page","link":"https:\/\/eterna.ee\/ru\/quality-assurance\/","title":{"rendered":"\u0413\u0430\u0440\u0430\u043d\u0442\u0438\u0440\u043e\u0432\u0430\u043d\u0438\u0435 \u043a\u0430\u0447\u0435\u0441\u0442\u0432\u0430 \u043e\u0431\u0443\u0447\u0435\u043d\u0438\u044f"},"content":{"rendered":"\t\t<div data-elementor-type=\"wp-page\" data-elementor-id=\"11\" class=\"elementor elementor-11\">\n\t\t\t\t\t\t<section class=\"elementor-section elementor-top-section elementor-element elementor-element-e7f3cde elementor-section-stretched elementor-section-boxed elementor-section-height-default elementor-section-height-default\" data-id=\"e7f3cde\" data-element_type=\"section\" data-settings=\"{&quot;stretch_section&quot;:&quot;section-stretched&quot;}\">\n\t\t\t\t\t\t<div class=\"elementor-container elementor-column-gap-extended\">\n\t\t\t\t\t<div class=\"elementor-column elementor-col-100 elementor-top-column elementor-element elementor-element-87aabb2\" data-id=\"87aabb2\" data-element_type=\"column\">\n\t\t\t<div class=\"elementor-widget-wrap elementor-element-populated\">\n\t\t\t\t\t\t<div class=\"elementor-element elementor-element-cda491d elementor-widget elementor-widget-heading\" data-id=\"cda491d\" data-element_type=\"widget\" data-widget_type=\"heading.default\">\n\t\t\t\t<div class=\"elementor-widget-container\">\n\t\t\t<style>\/*! elementor - v3.23.0 - 05-08-2024 *\/\n.elementor-heading-title{padding:0;margin:0;line-height:1}.elementor-widget-heading .elementor-heading-title[class*=elementor-size-]>a{color:inherit;font-size:inherit;line-height:inherit}.elementor-widget-heading .elementor-heading-title.elementor-size-small{font-size:15px}.elementor-widget-heading .elementor-heading-title.elementor-size-medium{font-size:19px}.elementor-widget-heading .elementor-heading-title.elementor-size-large{font-size:29px}.elementor-widget-heading .elementor-heading-title.elementor-size-xl{font-size:39px}.elementor-widget-heading .elementor-heading-title.elementor-size-xxl{font-size:59px}<\/style><h2 class=\"elementor-heading-title elementor-size-default\">\u0413\u0430\u0440\u0430\u043d\u0442\u0438\u0440\u043e\u0432\u0430\u043d\u0438\u0435 \u043a\u0430\u0447\u0435\u0441\u0442\u0432\u0430 \u043e\u0431\u0443\u0447\u0435\u043d\u0438\u044f<\/h2>\t\t<\/div>\n\t\t\t\t<\/div>\n\t\t\t\t<div class=\"elementor-element elementor-element-85e244f elementor-widget elementor-widget-text-editor\" data-id=\"85e244f\" data-element_type=\"widget\" data-widget_type=\"text-editor.default\">\n\t\t\t\t<div class=\"elementor-widget-container\">\n\t\t\t<style>\/*! elementor - v3.23.0 - 05-08-2024 *\/\n.elementor-widget-text-editor.elementor-drop-cap-view-stacked .elementor-drop-cap{background-color:#69727d;color:#fff}.elementor-widget-text-editor.elementor-drop-cap-view-framed .elementor-drop-cap{color:#69727d;border:3px solid;background-color:transparent}.elementor-widget-text-editor:not(.elementor-drop-cap-view-default) .elementor-drop-cap{margin-top:8px}.elementor-widget-text-editor:not(.elementor-drop-cap-view-default) .elementor-drop-cap-letter{width:1em;height:1em}.elementor-widget-text-editor .elementor-drop-cap{float:left;text-align:center;line-height:1;font-size:50px}.elementor-widget-text-editor .elementor-drop-cap-letter{display:inline-block}<\/style>\t\t\t\t<p>T\u00c4IENDKOOLITUSE TEGEVUSE KVALITEEDI TAGAMINE<\/p>\t\t\t\t\t\t<\/div>\n\t\t\t\t<\/div>\n\t\t\t\t\t<\/div>\n\t\t<\/div>\n\t\t\t\t\t<\/div>\n\t\t<\/section>\n\t\t\t\t<section class=\"elementor-section elementor-top-section elementor-element elementor-element-a31153f elementor-section-stretched elementor-section-boxed elementor-section-height-default elementor-section-height-default\" data-id=\"a31153f\" data-element_type=\"section\" data-settings=\"{&quot;stretch_section&quot;:&quot;section-stretched&quot;}\">\n\t\t\t\t\t\t<div class=\"elementor-container elementor-column-gap-extended\">\n\t\t\t\t\t<div class=\"elementor-column elementor-col-100 elementor-top-column elementor-element elementor-element-1f054a3\" data-id=\"1f054a3\" data-element_type=\"column\">\n\t\t\t<div class=\"elementor-widget-wrap elementor-element-populated\">\n\t\t\t\t\t\t<div class=\"elementor-element elementor-element-c2993bf elementor-widget elementor-widget-heading\" data-id=\"c2993bf\" data-element_type=\"widget\" data-widget_type=\"heading.default\">\n\t\t\t\t<div class=\"elementor-widget-container\">\n\t\t\t<h2 class=\"elementor-heading-title elementor-size-default\">1. \u00dclds\u00e4tted<\/h2>\t\t<\/div>\n\t\t\t\t<\/div>\n\t\t\t\t<div class=\"elementor-element elementor-element-597d011 elementor-widget elementor-widget-text-editor\" data-id=\"597d011\" data-element_type=\"widget\" data-widget_type=\"text-editor.default\">\n\t\t\t\t<div class=\"elementor-widget-container\">\n\t\t\t\t\t\t\t<p>1.1. Eterna Koolituskeskus O\u00dc poolt asutatud koolitusasutuse nimetus on Eterna Koolituskeskus (edaspidi Koolituskeskus).<br \/>1.2. Koolituskeskus korraldab t\u00e4iskasvanutele suunatud t\u00e4ienduskoolitust.<br \/>1.3. Koolituskeskus l\u00e4htub t\u00e4ienduskoolituse korraldamisel t\u00e4iskasvanute koolituse seadusest, t\u00e4iendkoolituse standardist ning ettev\u00f5ttes kehtestatud p\u00f5hikirjast.<\/p>\t\t\t\t\t\t<\/div>\n\t\t\t\t<\/div>\n\t\t\t\t\t<\/div>\n\t\t<\/div>\n\t\t\t\t\t<\/div>\n\t\t<\/section>\n\t\t\t\t<section class=\"elementor-section elementor-top-section elementor-element elementor-element-15cc98c elementor-section-stretched elementor-section-boxed elementor-section-height-default elementor-section-height-default\" data-id=\"15cc98c\" data-element_type=\"section\" data-settings=\"{&quot;stretch_section&quot;:&quot;section-stretched&quot;}\">\n\t\t\t\t\t\t<div class=\"elementor-container elementor-column-gap-extended\">\n\t\t\t\t\t<div class=\"elementor-column elementor-col-100 elementor-top-column elementor-element elementor-element-f3e2827\" data-id=\"f3e2827\" data-element_type=\"column\">\n\t\t\t<div class=\"elementor-widget-wrap elementor-element-populated\">\n\t\t\t\t\t\t<div class=\"elementor-element elementor-element-37e3e86 elementor-widget elementor-widget-heading\" data-id=\"37e3e86\" data-element_type=\"widget\" data-widget_type=\"heading.default\">\n\t\t\t\t<div class=\"elementor-widget-container\">\n\t\t\t<h2 class=\"elementor-heading-title elementor-size-default\">2. \u00d5ppekavade kvaliteedi tagamise tingimused ja kord<\/h2>\t\t<\/div>\n\t\t\t\t<\/div>\n\t\t\t\t<div class=\"elementor-element elementor-element-90aafb3 elementor-widget elementor-widget-text-editor\" data-id=\"90aafb3\" data-element_type=\"widget\" data-widget_type=\"text-editor.default\">\n\t\t\t\t<div class=\"elementor-widget-container\">\n\t\t\t\t\t\t\t<p>2.1. \u00d5ppekavade koostamisel l\u00e4htutakse t\u00e4iskasvanute koolituse seadusest, t\u00e4ienduskoolituse standardist ning Haridus- ja Teadusministeeriumi poolt heaks kiidetud juhendmaterjalist.<br \/>2.2. Koolituskeskuse poolt l\u00e4biviidavate koolituste \u00f5ppekavad on avalikustatud ettev\u00f5tte kodulehel koolituse l\u00fchitutvustuse juures.<br \/>2.3. Koolituskeskuse \u00f5ppekavas s\u00e4testatakse j\u00e4rgmised andmed:<br \/>1) \u00f5ppekava nimetus;<br \/>2) \u00f5ppekavar\u00fchm;<br \/>3) \u00f5ppe eesm\u00e4rk;<br \/>4) \u00f5piv\u00e4ljundid;<br \/>5) \u00f5ppekava koostamise alus;<br \/>6) sihtgrupp;<br \/>7) \u00f5pingute alustamise tingimused, juhul kui need on eeltingimuseks \u00f5piv\u00e4ljundite saavutamisel;<br \/>8) \u00f5ppe kogumaht;<br \/>9) \u00f5ppe sisu;<br \/>10) \u00f5ppekeskkonna kirjeldus;<br \/>11) \u00f5ppemeetodid;<br \/>12) \u00f5ppematerjalide loend;<br \/>13) n\u00f5uded \u00f5pingute l\u00f5petamiseks ja v\u00e4ljastatavad dokumendid;<br \/>14) koolituse l\u00e4biviimiseks vajaliku kvalifikatsiooni, \u00f5pi- v\u00f5i t\u00f6\u00f6kogemuse kirjeldus.<br \/>2.4. \u00d5ppekava koostamisel l\u00e4htutakse konkreetse sihtgrupi vajadustest ning iga koolitus on oma olemuselt praktilise suunitlusega, eesm\u00e4rgiks aidata sihtgrupil saavutada p\u00fcstitatud \u00f5ppeeesm\u00e4rke.<\/p>\t\t\t\t\t\t<\/div>\n\t\t\t\t<\/div>\n\t\t\t\t\t<\/div>\n\t\t<\/div>\n\t\t\t\t\t<\/div>\n\t\t<\/section>\n\t\t\t\t<section class=\"elementor-section elementor-top-section elementor-element elementor-element-3d5d45c elementor-section-stretched elementor-section-boxed elementor-section-height-default elementor-section-height-default\" data-id=\"3d5d45c\" data-element_type=\"section\" data-settings=\"{&quot;stretch_section&quot;:&quot;section-stretched&quot;}\">\n\t\t\t\t\t\t<div class=\"elementor-container elementor-column-gap-extended\">\n\t\t\t\t\t<div class=\"elementor-column elementor-col-100 elementor-top-column elementor-element elementor-element-7cf19c1\" data-id=\"7cf19c1\" data-element_type=\"column\">\n\t\t\t<div class=\"elementor-widget-wrap elementor-element-populated\">\n\t\t\t\t\t\t<div class=\"elementor-element elementor-element-a01e67c elementor-widget elementor-widget-heading\" data-id=\"a01e67c\" data-element_type=\"widget\" data-widget_type=\"heading.default\">\n\t\t\t\t<div class=\"elementor-widget-container\">\n\t\t\t<h2 class=\"elementor-heading-title elementor-size-default\">3. Koolitajate kvaliteedi tagamise tingimused ja kord<\/h2>\t\t<\/div>\n\t\t\t\t<\/div>\n\t\t\t\t<div class=\"elementor-element elementor-element-a17420f elementor-widget elementor-widget-text-editor\" data-id=\"a17420f\" data-element_type=\"widget\" data-widget_type=\"text-editor.default\">\n\t\t\t\t<div class=\"elementor-widget-container\">\n\t\t\t\t\t\t\t<p>3.1. Eterna Koolituskeskuse poolt kaasatud koolitajad omavad k\u00f5rgharidust bakalaureusekraadi ja magistrikraadi v\u00f5i t\u00e4iskasvanute koolitaja kutset ja\/v\u00f5i t\u00f6\u00f6kogemust \u00f5petataval erialal.<br \/>3.2. Koolitajate t\u00f6\u00f6 tulemust hinnatakse koolituse j\u00e4rgselt osalejate tagasiside p\u00f5hjal. Vajadusel tehakse koolitajatele parendusettepanekuid.<\/p>\t\t\t\t\t\t<\/div>\n\t\t\t\t<\/div>\n\t\t\t\t\t<\/div>\n\t\t<\/div>\n\t\t\t\t\t<\/div>\n\t\t<\/section>\n\t\t\t\t<section class=\"elementor-section elementor-top-section elementor-element elementor-element-b612885 elementor-section-stretched elementor-section-boxed elementor-section-height-default elementor-section-height-default\" data-id=\"b612885\" data-element_type=\"section\" data-settings=\"{&quot;stretch_section&quot;:&quot;section-stretched&quot;}\">\n\t\t\t\t\t\t<div class=\"elementor-container elementor-column-gap-extended\">\n\t\t\t\t\t<div class=\"elementor-column elementor-col-100 elementor-top-column elementor-element elementor-element-d7f5cdc\" data-id=\"d7f5cdc\" data-element_type=\"column\">\n\t\t\t<div class=\"elementor-widget-wrap elementor-element-populated\">\n\t\t\t\t\t\t<div class=\"elementor-element elementor-element-d201036 elementor-widget elementor-widget-heading\" data-id=\"d201036\" data-element_type=\"widget\" data-widget_type=\"heading.default\">\n\t\t\t\t<div class=\"elementor-widget-container\">\n\t\t\t<h2 class=\"elementor-heading-title elementor-size-default\">4. \u00d5ppekeskkonna kvaliteedi tagamise tingimused ja kord<\/h2>\t\t<\/div>\n\t\t\t\t<\/div>\n\t\t\t\t<div class=\"elementor-element elementor-element-db757db elementor-widget elementor-widget-text-editor\" data-id=\"db757db\" data-element_type=\"widget\" data-widget_type=\"text-editor.default\">\n\t\t\t\t<div class=\"elementor-widget-container\">\n\t\t\t\t\t\t\t<p>4.1. K\u00f5ik kursused on koolituskeskuse kodulehel v\u00e4hemalt kolm kuud enne kursuse toimumise algust. Koolitustele on v\u00f5imalik registreeruda kodulehel toodud kursuse juures.<br \/>4.2. K\u00f5igi registreerunutega v\u00f5etakse \u00fchendust selgitamaks v\u00e4lja \u00f5ppeeesm\u00e4rgid ja koolitusvajadused.<br \/>4.3. Koolitusgrupid p\u00fc\u00fctakse komplekteerida v\u00f5imalikult sarnaste \u00f5pivajaduste alusel.<br \/>4.4. K\u00f5ik koolitusele registreerunud saavad v\u00e4hemalt n\u00e4dal enne kursuse algust teabe koolituse t\u00e4pse korraldusliku poole kohta \u2013 ajakava, koolitusruumide ja transpordiv\u00f5imaluste kohta suuliselt v\u00f5i kirjalikult.<br \/>4.5. Koolituse jooksul p\u00fc\u00fctakse luua v\u00f5imalikult \u00f5ppimist toetavat keskkonda.<br \/>4.6. Eterna Koolituskeskusel on \u00f5ppeklassid J\u00f5hvis, samuti kasutatakse renditavaid \u00f5ppeklasse. K\u00f5ik kasutatavad \u00f5ppeklassid vastavad tervisekaitse n\u00f5uetele. Klassides on iga \u00f5ppija jaoks piisavalt ruumi ja valgustust. Klassid on varustatud t\u00e4nap\u00e4evase tehnikaga. Klassis on v\u00f5imalik laudu ja toole paigutada vastavalt vajadusele, et toetada erinevate \u00f5ppemeetodite kasutamist .Koolituskeskusel on olemas mobiilsed klassiarvutid. Vajadusel varustatakse iga \u00f5ppija s\u00fclearvutiga. Olenevalt kursusest ja vajadusest on v\u00f5imalus kasutada koolituse kestel toimivat interneti\u00fchendust.<br \/>4.7. Igaks kursuseks on ette valmistatud \u00f5pimapid ja \u00f5ppematerjal paberkandjal v\u00f5i digiformaadis.<br \/>4.8. Koolituskeskus tagab igale koolitusel osalejale kohvipausi, kui kursus on pikem kui 2 tundi.<br \/>4.9. Koolitusr\u00fchmade suurused on erinevad, s\u00f5ltuvalt koolituse sisust, kuid eesm\u00e4rgiks on tagada individuaalne areng koolituse jooksul ning \u00f5pimotivatsiooni s\u00e4ilimine.<\/p>\t\t\t\t\t\t<\/div>\n\t\t\t\t<\/div>\n\t\t\t\t\t<\/div>\n\t\t<\/div>\n\t\t\t\t\t<\/div>\n\t\t<\/section>\n\t\t\t\t<section class=\"elementor-section elementor-top-section elementor-element elementor-element-6255c6e elementor-section-stretched elementor-section-boxed elementor-section-height-default elementor-section-height-default\" data-id=\"6255c6e\" data-element_type=\"section\" data-settings=\"{&quot;stretch_section&quot;:&quot;section-stretched&quot;}\">\n\t\t\t\t\t\t<div class=\"elementor-container elementor-column-gap-extended\">\n\t\t\t\t\t<div class=\"elementor-column elementor-col-100 elementor-top-column elementor-element elementor-element-e7164c9\" data-id=\"e7164c9\" data-element_type=\"column\">\n\t\t\t<div class=\"elementor-widget-wrap elementor-element-populated\">\n\t\t\t\t\t\t<div class=\"elementor-element elementor-element-eb2f54d elementor-widget elementor-widget-heading\" data-id=\"eb2f54d\" data-element_type=\"widget\" data-widget_type=\"heading.default\">\n\t\t\t\t<div class=\"elementor-widget-container\">\n\t\t\t<h2 class=\"elementor-heading-title elementor-size-default\">5. T\u00e4ienduskoolituse kohta tagasiside kogumise kord<\/h2>\t\t<\/div>\n\t\t\t\t<\/div>\n\t\t\t\t<div class=\"elementor-element elementor-element-0893280 elementor-widget elementor-widget-text-editor\" data-id=\"0893280\" data-element_type=\"widget\" data-widget_type=\"text-editor.default\">\n\t\t\t\t<div class=\"elementor-widget-container\">\n\t\t\t\t\t\t\t<p>5.1. Peale igat koolitust k\u00fcsitakse igalt osalejalt tagasisidet ja parendusettepanekuid. Tagasisidet v\u00f5ib anda nii kirjalikult paberkandjal kui ka digitaalselt. Saadud tagasisidet anal\u00fc\u00fcsitakse ning kasutatakse selleks, et pakkuda veelgi kvaliteetsemaid koolitusi.<br \/>5.2. Koolituskeskus kogub \u00f5ppijate kohta j\u00e4rgmisi andmeid: nimi, e-post, telefon ja isikukood. Isikuandmeid t\u00f6\u00f6deldakse vastavalt Isikuandmete kaitse seaduse \u00a76.<\/p>\t\t\t\t\t\t<\/div>\n\t\t\t\t<\/div>\n\t\t\t\t\t<\/div>\n\t\t<\/div>\n\t\t\t\t\t<\/div>\n\t\t<\/section>\n\t\t\t\t<\/div>\n\t\t","protected":false},"excerpt":{"rendered":"<p>\u0413\u0430\u0440\u0430\u043d\u0442\u0438\u0440\u043e\u0432\u0430\u043d\u0438\u0435 \u043a\u0430\u0447\u0435\u0441\u0442\u0432\u0430 \u043e\u0431\u0443\u0447\u0435\u043d\u0438\u044f T\u00c4IENDKOOLITUSE TEGEVUSE KVALITEEDI TAGAMINE 1. \u00dclds\u00e4tted 1.1. Eterna Koolituskeskus O\u00dc poolt asutatud koolitusasutuse nimetus on Eterna Koolituskeskus (edaspidi Koolituskeskus).1.2. Koolituskeskus korraldab t\u00e4iskasvanutele suunatud t\u00e4ienduskoolitust.1.3. Koolituskeskus l\u00e4htub t\u00e4ienduskoolituse korraldamisel t\u00e4iskasvanute koolituse seadusest, t\u00e4iendkoolituse standardist ning ettev\u00f5ttes kehtestatud p\u00f5hikirjast. 2. \u00d5ppekavade kvaliteedi tagamise tingimused ja kord 2.1. \u00d5ppekavade koostamisel l\u00e4htutakse t\u00e4iskasvanute koolituse seadusest, t\u00e4ienduskoolituse [&hellip;]<\/p>\n","protected":false},"author":354,"featured_media":0,"parent":0,"menu_order":0,"comment_status":"closed","ping_status":"closed","template":"","meta":{"_acf_changed":false,"inline_featured_image":false},"class_list":["post-11","page","type-page","status-publish","hentry"],"acf":[],"_links":{"self":[{"href":"https:\/\/eterna.ee\/ru\/wp-json\/wp\/v2\/pages\/11","targetHints":{"allow":["GET"]}}],"collection":[{"href":"https:\/\/eterna.ee\/ru\/wp-json\/wp\/v2\/pages"}],"about":[{"href":"https:\/\/eterna.ee\/ru\/wp-json\/wp\/v2\/types\/page"}],"author":[{"embeddable":true,"href":"https:\/\/eterna.ee\/ru\/wp-json\/wp\/v2\/users\/354"}],"replies":[{"embeddable":true,"href":"https:\/\/eterna.ee\/ru\/wp-json\/wp\/v2\/comments?post=11"}],"version-history":[{"count":7,"href":"https:\/\/eterna.ee\/ru\/wp-json\/wp\/v2\/pages\/11\/revisions"}],"predecessor-version":[{"id":5736,"href":"https:\/\/eterna.ee\/ru\/wp-json\/wp\/v2\/pages\/11\/revisions\/5736"}],"wp:attachment":[{"href":"https:\/\/eterna.ee\/ru\/wp-json\/wp\/v2\/media?parent=11"}],"curies":[{"name":"wp","href":"https:\/\/api.w.org\/{rel}","templated":true}]}}