{"id":20306,"date":"2025-11-10T12:03:47","date_gmt":"2025-11-10T10:03:47","guid":{"rendered":"https:\/\/eterna.ee\/?post_type=product&#038;p=20306"},"modified":"2026-01-30T19:07:14","modified_gmt":"2026-01-30T17:07:14","slug":"anglijskij-yazyk-b2-2","status":"publish","type":"product","link":"https:\/\/eterna.ee\/ru\/courses\/anglijskij-yazyk-b2-2\/","title":{"rendered":"\u0410\u043d\u0433\u043b\u0438\u0439\u0441\u043a\u0438\u0439 \u044f\u0437\u044b\u043a B2.2"},"content":{"rendered":"<p><strong>\u041a\u0443\u0440\u0441 \u0430\u043d\u0433\u043b\u0438\u0439\u0441\u043a\u043e\u0433\u043e \u044f\u0437\u044b\u043a\u0430 B2.2<\/strong> \u043f\u0440\u0435\u0434\u043d\u0430\u0437\u043d\u0430\u0447\u0435\u043d \u0434\u043b\u044f \u0442\u0435\u0445, \u043a\u0442\u043e \u0445\u043e\u0447\u0435\u0442 \u0433\u043e\u0432\u043e\u0440\u0438\u0442\u044c \u0441\u0432\u043e\u0431\u043e\u0434\u043d\u043e, \u043f\u043e\u043d\u0438\u043c\u0430\u0442\u044c \u0436\u0438\u0432\u0443\u044e \u0440\u0435\u0447\u044c \u0438 \u0443\u0432\u0435\u0440\u0435\u043d\u043d\u043e \u0438\u0441\u043f\u043e\u043b\u044c\u0437\u043e\u0432\u0430\u0442\u044c \u0430\u043d\u0433\u043b\u0438\u0439\u0441\u043a\u0438\u0439 \u044f\u0437\u044b\u043a<\/p>\n<h3>\u0414\u043b\u044f \u043a\u043e\u0433\u043e \u044d\u0442\u043e\u0442 \u043a\u0443\u0440\u0441?<\/h3>\n<ul>\n<li>\u0422\u0435\u0445, \u043a\u0442\u043e \u0445\u043e\u0447\u0435\u0442 \u0441 \u0443\u0432\u0435\u0440\u0435\u043d\u043d\u043e\u0441\u0442\u044c\u044e \u0438\u0441\u043f\u043e\u043b\u044c\u0437\u043e\u0432\u0430\u0442\u044c \u044f\u0437\u044b\u043a \u0432 \u043e\u0431\u0449\u0435\u043d\u0438\u0438 \u0441 \u0430\u043d\u0433\u043b\u043e\u0433\u043e\u0432\u043e\u0440\u044f\u0449\u0438\u043c\u0438 \u043b\u044e\u0434\u044c\u043c\u0438, \u0432 \u0443\u0447\u0435\u0431\u0435 \u0438 \u043d\u0430 \u0440\u0430\u0431\u043e\u0442\u0435<\/li>\n<li>\u0422\u0435\u0445, \u043a\u0442\u043e \u0445\u043e\u0447\u0435\u0442 \u0441\u0434\u0430\u0442\u044c \u0443\u0440\u043e\u0432\u043d\u0435\u0432\u044b\u0439 \u044d\u043a\u0437\u0430\u043c\u0435\u043d<\/li>\n<li>\u0422\u0435\u0445, \u043a\u0442\u043e \u0445\u043e\u0447\u0435\u0442 \u043f\u043e\u0432\u044b\u0441\u0438\u0442\u044c \u0443\u0440\u043e\u0432\u0435\u043d\u044c \u0437\u043d\u0430\u043d\u0438\u044f \u0430\u043d\u0433\u043b\u0438\u0439\u0441\u043a\u043e\u0433\u043e \u044f\u0437\u044b\u043a\u0430 \u0434\u043b\u044f \u0443\u0432\u0435\u043b\u0438\u0447\u0435\u043d\u0438\u044f \u0434\u043e\u0445\u043e\u0434\u0430 \u0438 \u0441\u043e\u0442\u0440\u0443\u0434\u043d\u0438\u0447\u0435\u0441\u0442\u0432\u0430 \u0441 \u043c\u0435\u0436\u0434\u0443\u043d\u0430\u0440\u043e\u0434\u043d\u044b\u043c\u0438 \u0437\u0430\u043a\u0430\u0437\u0447\u0438\u043a\u0430\u043c\u0438, \u0437\u0430\u0440\u0443\u0431\u0435\u0436\u043d\u044b\u043c\u0438 \u0444\u0440\u0438\u043b\u0430\u043d\u0441-\u043f\u0440\u043e\u0435\u043a\u0442\u0430\u043c\u0438<\/li>\n<li>\u0422\u0435\u0445, \u043a\u0442\u043e \u043d\u0430\u043c\u0435\u0440\u0435\u043d &#171;\u043e\u0441\u0432\u0435\u0436\u0438\u0442\u044c&#187; \u0437\u043d\u0430\u043d\u0438\u044f \u043f\u043e \u0433\u0440\u0430\u043c\u043c\u0430\u0442\u0438\u043a\u0435, \u043b\u0435\u043a\u0441\u0438\u043a\u0435 \u0430\u043d\u0433\u043b\u0438\u0439\u0441\u043a\u043e\u0433\u043e \u044f\u0437\u044b\u043a\u0430, \u0443\u0441\u0442\u0440\u0430\u043d\u0438\u0442\u044c \u043f\u0440\u043e\u0431\u0435\u043b\u044b \u0432 \u0437\u043d\u0430\u043d\u0438\u044f\u0445, \u043f\u043e\u0432\u044b\u0441\u0438\u0442\u044c \u0442\u0435\u043a\u0443\u0449\u0438\u0439 \u0443\u0440\u043e\u0432\u0435\u043d\u044c \u0432\u043b\u0430\u0434\u0435\u043d\u0438\u044f \u044f\u0437\u044b\u043a\u043e\u043c \u0438 \u0443\u0432\u0435\u0440\u0435\u043d\u043d\u043e \u0438\u0441\u043f\u043e\u043b\u044c\u0437\u043e\u0432\u0430\u0442\u044c \u0430\u043d\u0433\u043b\u0438\u0439\u0441\u043a\u0438\u0439 \u044f\u0437\u044b\u043a \u0432 \u0431\u0438\u0437\u043d\u0435\u0441\u0435<\/li>\n<\/ul>\n<h3>\u041f\u0440\u0435\u0438\u043c\u0443\u0449\u0435\u0441\u0442\u0432\u0430 \u043a\u0443\u0440\u0441\u0430:<\/h3>\n<ul>\n<li>\u041f\u0440\u0430\u043a\u0442\u0438\u0447\u0435\u0441\u043a\u0430\u044f \u043d\u0430\u043f\u0440\u0430\u0432\u043b\u0435\u043d\u043d\u043e\u0441\u0442\u044c: \u0444\u043e\u043a\u0443\u0441 \u043d\u0430 \u0440\u0435\u0430\u043b\u044c\u043d\u044b\u0445 \u0441\u0446\u0435\u043d\u0430\u0440\u0438\u044f\u0445 \u0438\u0441\u043f\u043e\u043b\u044c\u0437\u043e\u0432\u0430\u043d\u0438\u044f \u044f\u0437\u044b\u043a\u0430<\/li>\n<li>\u0421\u0438\u043b\u044c\u043d\u044b\u0435 \u043f\u0440\u0435\u043f\u043e\u0434\u0430\u0432\u0430\u0442\u0435\u043b\u0438 \u043d\u0430\u0443\u0447\u0430\u0442 \u0433\u043e\u0432\u043e\u0440\u0438\u0442\u044c \u043d\u0430 \u0430\u043d\u0433\u043b\u0438\u0439\u0441\u043a\u043e\u043c \u043f\u0440\u0430\u0432\u0438\u043b\u044c\u043d\u043e \u0438 \u0443\u0432\u0435\u0440\u0435\u043d\u043d\u043e<\/li>\n<li>\u0418\u043d\u0434\u0438\u0432\u0438\u0434\u0443\u0430\u043b\u044c\u043d\u043e\u0435, \u0430 \u043d\u0435 \u043a\u043e\u043d\u0432\u0435\u0439\u0435\u0440\u043d\u043e\u0435 \u043e\u0431\u0443\u0447\u0435\u043d\u0438\u0435 \u0430\u043d\u0433\u043b\u0438\u0439\u0441\u043a\u043e\u043c\u0443<\/li>\n<\/ul>\n<h3>\u041f\u0440\u043e\u0434\u043e\u043b\u0436\u0438\u0442\u0435\u043b\u044c\u043d\u043e\u0441\u0442\u044c \u043e\u0431\u0443\u0447\u0435\u043d\u0438\u044f<\/h3>\n<p>60 \u0430\u043a. \u0447\u0430\u0441\u043e\u0432 = 44 \u0430\u043a. \u0447\u0430\u0441\u0430 \u0430\u0443\u0434\u0438\u0442\u043e\u0440\u043d\u043e\u0439 \u0440\u0430\u0431\u043e\u0442\u044b + 16 \u0430\u043a. \u0447\u0430\u0441\u043e\u0432 \u0441\u0430\u043c\u043e\u0441\u0442\u043e\u044f\u0442\u0435\u043b\u044c\u043d\u043e\u0439 \u0443\u0447\u0435\u0431\u043d\u043e\u0439 \u0440\u0430\u0431\u043e\u0442\u044b<\/p>\n<p>\u041e\u0431\u0443\u0447\u0435\u043d\u0438\u0435 \u043f\u0440\u043e\u0432\u043e\u0434\u0438\u0442\u0441\u044f \u0432 \u043c\u0438\u043d\u0438-\u0433\u0440\u0443\u043f\u043f\u0430\u0445 2-4 \u0447\u0435\u043b\u043e\u0432\u0435\u043a\u0430<\/p>\n<h3>\u0423\u0447\u0435\u0431\u043d\u0430\u044f \u043f\u0440\u043e\u0433\u0440\u0430\u043c\u043c\u0430<\/h3>\n<p>\u041e\u0437\u043d\u0430\u043a\u043e\u043c\u0438\u0442\u044c\u0441\u044f \u0441 \u0443\u0447\u0435\u0431\u043d\u043e\u0439 \u043f\u0440\u043e\u0433\u0440\u0430\u043c\u043c\u043e\u0439 \u043c\u043e\u0436\u043d\u043e\u00a0<span class=\"popmake-20302\" style=\"color: #ff6600;\"><u>\u0437\u0434\u0435\u0441\u044c<\/u><\/span><\/p>\n<p><!--more--><\/p>\n<p><strong>T\u00e4ienduskoolitusasutuse nimi<\/strong><\/p>\n<p>Eterna Koolituskeskus O\u00dc<\/p>\n<p><strong>\u00d5ppekava nimetus<\/strong><\/p>\n<p>B2.2-taseme inglise keele t\u00e4iendkoolitus<\/p>\n<p><strong>\u00d5ppekavar\u00fchm<\/strong><\/p>\n<p>Keele\u00f5pe<\/p>\n<p><strong>\u00d5ppekava koostamise alus<\/strong><\/p>\n<p>Euroopa keele\u00f5ppe raamdokument (CEFR), versioonid alates aastast 2020, Cambridge English 2024 metoodilised soovitused.<\/p>\n<p><strong>Sihtgrupp<\/strong><\/p>\n<p>T\u00e4iskasvanud, kelle inglise keele tase on\u00a0<strong>B1+<\/strong>\u00a0ja kes soovivad saavutada taset\u00a0<strong>B2<\/strong>\u00a0seoses t\u00f6\u00f6, \u00f5ppimise v\u00f5i isikliku arenguga.<\/p>\n<p><strong>Eesm\u00e4rk<\/strong><\/p>\n<p>Omandada kindlad B2-taseme oskused: vabalt vestlemine, keeruliste tekstide ja meediamaterjali m\u00f5istmine, enesekindel kirjutamine.<\/p>\n<p><strong>\u00d5ppe kogumaht<\/strong><\/p>\n<p>4-8 inimese gruppides \u00f5ppe kogumaht on 80 akadeemilist tundi, millest 60 tundi on auditoorset t\u00f6\u00f6d ja 20 tundi iseseisvat t\u00f6\u00f6d.<\/p>\n<p>2-3 inimese minigruppides \u00f5ppe kogumaht on 60 akadeemilist tundi, millest 44 tundi on auditoorset t\u00f6\u00f6d ja 16 tundi iseseisvat t\u00f6\u00f6d.<\/p>\n<p>Iseseisvaks t\u00f6\u00f6ks on tunnis \u00f5pitu kinnistamine, uue s\u00f5navara \u00f5ppimine, grammatikastruktuuride harjutamine, l\u00fchitekstide lugemine, tekstide kirjutamine ning \u00fclesannete ettevalmistamine.<\/p>\n<p><strong>\u00d5ppekava sisu<\/strong><\/p>\n<p><strong>Ainekava:<\/strong><\/p>\n<ol>\n<li><strong>Culture &amp; Identity:<\/strong>\u00a0globaliseerumine, multikultuurilisus, sallivus.<\/li>\n<\/ol>\n<ol>\n<li><strong>Science &amp; Innovation:<\/strong>\u00a0tehisintellekt, tehnoloogia.<\/li>\n<\/ol>\n<ol>\n<li><strong>Media &amp; Critical Thinking:<\/strong>\u00a0uudised, meedia m\u00f5ju.<\/li>\n<\/ol>\n<ol>\n<li><strong>Work &amp; Career:<\/strong>\u00a0karj\u00e4\u00e4ri edendamine, t\u00f6\u00f6, tuleviku kutseoskused.<\/li>\n<\/ol>\n<ol>\n<li><strong>Success &amp; Society:<\/strong>\u00a0v\u00f5rd\u00f5iguslikkus, sotsiaalsed muutused, juhtimine.<\/li>\n<\/ol>\n<p><strong>Grammatika<\/strong><\/p>\n<ul>\n<li>Advanced passive forms (It is said that\u2026, He is thought to\u2026)<\/li>\n<\/ul>\n<ul>\n<li>Reported speech (statements, questions, commands)<\/li>\n<\/ul>\n<ul>\n<li>Relative clauses (defining &amp; non-defining)<\/li>\n<\/ul>\n<ul>\n<li>Third Conditional &amp; Mixed Conditionals<\/li>\n<\/ul>\n<ul>\n<li>Phrasal verbs (erinevad t\u00e4hendused ja registrid)<\/li>\n<\/ul>\n<p><strong>\u00d5piv\u00e4ljundid:<\/strong><\/p>\n<ul>\n<li>Argumenteerimine aruteludes<\/li>\n<\/ul>\n<ul>\n<li>Autentse materjali kuulamine (BBC uudised, B2-taseme jutusaated)<\/li>\n<\/ul>\n<ul>\n<li>\u00dclevaadete, aruannete, artiklite ja kokkuv\u00f5tete kirjutamine<\/li>\n<\/ul>\n<p><strong>\u00d5ppematerjalid<\/strong><\/p>\n<ul>\n<li><strong>English File, 4th Edition, Upper-Intermediate<\/strong>\u00a0Units 6\u201310, Oxford University Press,\u00a0<em>2019<\/em><\/li>\n<\/ul>\n<p><strong>Lisamaterjalid:<\/strong><\/p>\n<ul>\n<li><strong>Cambridge English Empower, Upper-Intermediate (B2)<\/strong>\u00a0\u2013 Cambridge University Press,\u00a0<em>2022<\/em><\/li>\n<li><strong>Outcomes, 3rd Edition, Upper-Intermediate (B2)<\/strong>\u00a0\u2013 National Geographic Learning,\u00a0<em>2024<\/em><\/li>\n<li><strong>Roadmap, Upper-Intermediate (B2)<\/strong>\u00a0\u2013 Pearson,\u00a0<em>2019<\/em><\/li>\n<li><strong>Speakout, 3rd Edition, Upper-Intermediate (B2)<\/strong>\u00a0\u2013 Pearson,\u00a0<em>2021<\/em><\/li>\n<li><strong>Headway, 5th Edition, Upper-Intermediate (B2)<\/strong>\u00a0\u2013 Oxford University Press,\u00a0<em>2019<\/em><\/li>\n<\/ul>\n<p><strong>Autentsed materjalid (elulised tekstid, audio- ja videomaterjalid):<\/strong><\/p>\n<ul>\n<li>OnestopEnglish (B2))<\/li>\n<li>Linguahouse<\/li>\n<li>ESL Brains<\/li>\n<\/ul>\n<ul>\n<li>British Council Learn English B2 Reading &amp; Listening<\/li>\n<\/ul>\n<ul>\n<li>Linguapress Advanced English<\/li>\n<\/ul>\n<ul>\n<li>Elllo.org B2 Lessons<\/li>\n<\/ul>\n<ul>\n<li>Hancock McDonald Authentic Listening Pack<\/li>\n<\/ul>\n<ul>\n<li>BBC Learning English \/ TED Talks \/ The Guardian \/ The Atlantic<\/li>\n<\/ul>\n<p>&nbsp;<\/p>\n<p><strong>\u00d5ppemeetodid<\/strong><\/p>\n<p>Kommunikatiivne meetod, mis p\u00f5hineb aktiivsel keelekasutusel reaalsetes ja \u00f5ppe eesm\u00e4rgil simuleeritud olukordades. Interaktiivne \u00f5pe, rollim\u00e4ngud, projektit\u00f6\u00f6d, arutelud, paaris- ja r\u00fchmat\u00f6\u00f6d, t\u00f6\u00f6 videote ja jutusaadetega.<\/p>\n<p><strong>Iseseisev t\u00f6\u00f6<\/strong><\/p>\n<ul>\n<li>Grammatika harjutamine veebis<\/li>\n<\/ul>\n<ul>\n<li>Ettekannete ja kirjalike t\u00f6\u00f6de koostamine<\/li>\n<\/ul>\n<ul>\n<li>Jutusaadete kuulamine ja tekstide anal\u00fc\u00fcsimine<\/li>\n<\/ul>\n<p><strong>\u00d5ppe l\u00f5petamise tingimused<\/strong><\/p>\n<ul>\n<li>Osalemine iga mooduli auditoorses \u00f5ppes v\u00e4hemalt 70% ulatuses<\/li>\n<\/ul>\n<ul>\n<li>Kirjalike ja suuliste \u00fclesannete tegemine<\/li>\n<\/ul>\n<ul>\n<li>L\u00f5putest (suuline vestlus + kirjalik \u00fclesanne)<\/li>\n<\/ul>\n<p><strong>L\u00f5petamisel v\u00e4ljastatav dokument<\/strong><\/p>\n<ul>\n<li><strong>Eterna Koolituskeskus O\u00dc tunnistus<\/strong><\/li>\n<\/ul>\n<p><strong>Koolitaja kvalifikatsioon<\/strong><\/p>\n<p>K\u00f5rgharidus inglise keele \u00f5petaja erialal<\/p>\n<p><strong>\u00d5ppekava kinnitamise kuup\u00e4ev<\/strong><\/p>\n<p>Uuendatud:\u00a0<strong>jaanuar 2025<\/strong><\/p>\n<h3>\u041f\u043e \u043e\u043a\u043e\u043d\u0447\u0430\u043d\u0438\u0438 \u043e\u0431\u0443\u0447\u0435\u043d\u0438\u044f \u0432\u044b:<\/h3>\n<ul>\n<li><strong>\u0421\u043c\u043e\u0436\u0435\u0442\u0435 \u043e\u0431\u0449\u0430\u0442\u044c\u0441\u044f \u0441\u0432\u043e\u0431\u043e\u0434\u043d\u043e \u0438 \u0431\u0435\u0437 \u0431\u0430\u0440\u044c\u0435\u0440\u043e\u0432, <\/strong>\u0443\u0432\u0435\u0440\u0435\u043d\u043d\u043e \u0438\u0441\u043f\u043e\u043b\u044c\u0437\u0443\u044f \u0430\u043d\u0433\u043b\u0438\u0439\u0441\u043a\u0438\u0439 \u0432 \u043f\u0443\u0442\u0435\u0448\u0435\u0441\u0442\u0432\u0438\u044f\u0445, \u043d\u0430 \u0440\u0430\u0431\u043e\u0442\u0435, \u0432 \u0443\u0447\u0451\u0431\u0435 \u0438 \u0432 \u043f\u043e\u0432\u0441\u0435\u0434\u043d\u0435\u0432\u043d\u044b\u0445 \u0441\u0438\u0442\u0443\u0430\u0446\u0438\u044f\u0445.<\/li>\n<li><strong>\u041d\u0430\u0443\u0447\u0438\u0442\u0435\u0441\u044c \u0433\u043e\u0432\u043e\u0440\u0438\u0442\u044c \u0431\u0435\u0433\u043b\u043e \u0438 \u0441\u043f\u043e\u043d\u0442\u0430\u043d\u043d\u043e, <\/strong>\u0430\u0440\u0433\u0443\u043c\u0435\u043d\u0442\u0438\u0440\u043e\u0432\u0430\u0442\u044c \u0441\u0432\u043e\u044e \u043f\u043e\u0437\u0438\u0446\u0438\u044e \u0438 \u043f\u043e\u0434\u0434\u0435\u0440\u0436\u0438\u0432\u0430\u0442\u044c \u0440\u0430\u0437\u0433\u043e\u0432\u043e\u0440 \u043d\u0430 \u0441\u043b\u043e\u0436\u043d\u044b\u0435 \u0442\u0435\u043c\u044b \u2014 \u043e\u0442 \u043a\u0443\u043b\u044c\u0442\u0443\u0440\u044b \u0438 \u0442\u0435\u0445\u043d\u043e\u043b\u043e\u0433\u0438\u0439 \u0434\u043e \u0433\u043b\u043e\u0431\u0430\u043b\u044c\u043d\u044b\u0445 \u043f\u0440\u043e\u0431\u043b\u0435\u043c.<\/li>\n<li><strong>\u0411\u0443\u0434\u0435\u0442\u0435 \u043f\u043e\u043d\u0438\u043c\u0430\u0442\u044c \u00ab\u0436\u0438\u0432\u043e\u0439 \u0430\u043d\u0433\u043b\u0438\u0439\u0441\u043a\u0438\u0439\u00bb \u043d\u0430 \u0441\u043b\u0443\u0445, <\/strong>\u0432\u043a\u043b\u044e\u0447\u0430\u044f \u043f\u043e\u0434\u043a\u0430\u0441\u0442\u044b, \u0438\u043d\u0442\u0435\u0440\u0432\u044c\u044e \u0438 \u0432\u0438\u0434\u0435\u043e \u0438\u0437 \u0440\u0435\u0430\u043b\u044c\u043d\u044b\u0445 \u0438\u0441\u0442\u043e\u0447\u043d\u0438\u043a\u043e\u0432 (BBC, TED Talks, \u0444\u0438\u043b\u044c\u043c\u044b \u0438 \u0441\u0435\u0440\u0438\u0430\u043b\u044b), \u0440\u0430\u0441\u0448\u0438\u0440\u0438\u0442\u0435 \u0441\u043b\u043e\u0432\u0430\u0440\u043d\u044b\u0439 \u0437\u0430\u043f\u0430\u0441 \u0438 \u043f\u0440\u0438\u0432\u044b\u043a\u043d\u0435\u0442\u0435 \u043a \u0440\u0430\u0437\u043d\u044b\u043c \u0430\u043a\u0446\u0435\u043d\u0442\u0430\u043c.<\/li>\n<li><strong>\u041e\u0432\u043b\u0430\u0434\u0435\u0435\u0442\u0435 \u043f\u0438\u0441\u044c\u043c\u0435\u043d\u043d\u043e\u0439 \u043a\u043e\u043c\u043c\u0443\u043d\u0438\u043a\u0430\u0446\u0438\u0435\u0439 \u043d\u0430 \u043f\u0440\u043e\u0434\u0432\u0438\u043d\u0443\u0442\u043e\u043c \u0443\u0440\u043e\u0432\u043d\u0435: <\/strong>\u043d\u0430\u0443\u0447\u0438\u0442\u0435\u0441\u044c \u043f\u0438\u0441\u0430\u0442\u044c \u044d\u0441\u0441\u0435, \u043e\u0442\u0447\u0451\u0442\u044b, \u043e\u0431\u0437\u043e\u0440\u044b \u0438 \u0441\u0442\u0430\u0442\u044c\u0438, \u0430 \u0442\u0430\u043a\u0436\u0435 \u0444\u043e\u0440\u043c\u0430\u043b\u044c\u043d\u0443\u044e \u0438 \u043d\u0435\u0444\u043e\u0440\u043c\u0430\u043b\u044c\u043d\u0443\u044e \u043f\u0435\u0440\u0435\u043f\u0438\u0441\u043a\u0443, \u0433\u0440\u0430\u043c\u043e\u0442\u043d\u043e \u0441\u0442\u0440\u0443\u043a\u0442\u0443\u0440\u0438\u0440\u0443\u044f \u0442\u0435\u043a\u0441\u0442 \u0438 \u043f\u043e\u0434\u0431\u0438\u0440\u0430\u044f \u043d\u0443\u0436\u043d\u044b\u0439 \u0441\u0442\u0438\u043b\u044c.<\/li>\n<\/ul>\n<p>\u041e\u0437\u043d\u0430\u043a\u043e\u043c\u044c\u0442\u0435\u0441\u044c \u0442\u0430\u043a\u0436\u0435 \u0441 \u0434\u0440\u0443\u0433\u0438\u043c\u0438 \u043d\u0430\u0448\u0438\u043c\u0438\u00a0<a class=\"decorated-link cursor-pointer\" href=\"https:\/\/eterna.ee\/ru\/category-course\/english\/?view=card\" target=\"_new\" rel=\"noopener\" data-start=\"1413\" data-end=\"1478\">\u043a\u0443\u0440\u0441\u0430\u043c\u0438 \u043f\u043e \u0430\u043d\u0433\u043b\u0438\u0439\u0441\u043a\u043e\u043c\u0443 \u044f\u0437\u044b\u043a\u0443<\/a><\/p>\n<p><strong data-start=\"240\" data-end=\"281\">\u0412\u043e\u0437\u043c\u043e\u0436\u043d\u0430 \u043e\u043f\u043b\u0430\u0442\u0430 \u043e\u0431\u0443\u0447\u0435\u043d\u0438\u044f \u0432 \u0440\u0430\u0441\u0441\u0440\u043e\u0447\u043a\u0443. <\/strong>\u0421\u0432\u044f\u0436\u0438\u0442\u0435\u0441\u044c \u0441 \u043d\u0430\u043c\u0438, \u0447\u0442\u043e\u0431\u044b \u0443\u0442\u043e\u0447\u043d\u0438\u0442\u044c \u0443\u0441\u043b\u043e\u0432\u0438\u044f \u0438 \u043f\u043e\u043b\u0443\u0447\u0438\u0442\u044c \u0434\u043e\u043f\u043e\u043b\u043d\u0438\u0442\u0435\u043b\u044c\u043d\u0443\u044e \u0438\u043d\u0444\u043e\u0440\u043c\u0430\u0446\u0438\u044e.<\/p>\n<p>\u041e\u0441\u0442\u0430\u043b\u0438\u0441\u044c \u0432\u043e\u043f\u0440\u043e\u0441\u044b? +372 5560 5751 | <a href=\"mailto:koolitus@eterna.ee\">koolitus@eterna.ee<\/a><\/p>\n","protected":false},"excerpt":{"rendered":"<p>\u041a\u0443\u0440\u0441 \u0430\u043d\u0433\u043b\u0438\u0439\u0441\u043a\u043e\u0433\u043e \u044f\u0437\u044b\u043a\u0430 B2.2 \u043f\u0440\u0435\u0434\u043d\u0430\u0437\u043d\u0430\u0447\u0435\u043d \u0434\u043b\u044f \u0442\u0435\u0445, \u043a\u0442\u043e \u0445\u043e\u0447\u0435\u0442 \u0433\u043e\u0432\u043e\u0440\u0438\u0442\u044c \u0441\u0432\u043e\u0431\u043e\u0434\u043d\u043e, \u043f\u043e\u043d\u0438\u043c\u0430\u0442\u044c \u0436\u0438\u0432\u0443\u044e \u0440\u0435\u0447\u044c \u0438 \u0443\u0432\u0435\u0440\u0435\u043d\u043d\u043e \u0438\u0441\u043f\u043e\u043b\u044c\u0437\u043e\u0432\u0430\u0442\u044c \u0430\u043d\u0433\u043b\u0438\u0439\u0441\u043a\u0438\u0439 \u044f\u0437\u044b\u043a \u0414\u043b\u044f \u043a\u043e\u0433\u043e \u044d\u0442\u043e\u0442 \u043a\u0443\u0440\u0441? \u0422\u0435\u0445, \u043a\u0442\u043e \u0445\u043e\u0447\u0435\u0442 \u0441 \u0443\u0432\u0435\u0440\u0435\u043d\u043d\u043e\u0441\u0442\u044c\u044e \u0438\u0441\u043f\u043e\u043b\u044c\u0437\u043e\u0432\u0430\u0442\u044c \u044f\u0437\u044b\u043a \u0432 \u043e\u0431\u0449\u0435\u043d\u0438\u0438 \u0441 \u0430\u043d\u0433\u043b\u043e\u0433\u043e\u0432\u043e\u0440\u044f\u0449\u0438\u043c\u0438 \u043b\u044e\u0434\u044c\u043c\u0438, \u0432 \u0443\u0447\u0435\u0431\u0435 \u0438 \u043d\u0430 \u0440\u0430\u0431\u043e\u0442\u0435 \u0422\u0435\u0445, \u043a\u0442\u043e \u0445\u043e\u0447\u0435\u0442 \u0441\u0434\u0430\u0442\u044c \u0443\u0440\u043e\u0432\u043d\u0435\u0432\u044b\u0439 \u044d\u043a\u0437\u0430\u043c\u0435\u043d \u0422\u0435\u0445, \u043a\u0442\u043e \u0445\u043e\u0447\u0435\u0442 \u043f\u043e\u0432\u044b\u0441\u0438\u0442\u044c \u0443\u0440\u043e\u0432\u0435\u043d\u044c \u0437\u043d\u0430\u043d\u0438\u044f \u0430\u043d\u0433\u043b\u0438\u0439\u0441\u043a\u043e\u0433\u043e \u044f\u0437\u044b\u043a\u0430 \u0434\u043b\u044f [&hellip;]<\/p>\n","protected":false},"featured_media":20309,"comment_status":"closed","ping_status":"closed","template":"","meta":{"_acf_changed":false,"inline_featured_image":false},"product_brand":[],"product_cat":[15],"product_tag":[],"category-courses":[180,172],"course-type":[169],"class_list":{"0":"post-20306","1":"product","2":"type-product","3":"status-publish","4":"has-post-thumbnail","6":"product_cat-course","7":"category-course-english","8":"category-course-language","9":"course-type-kurs","11":"first","12":"instock","13":"taxable","14":"shipping-taxable","15":"purchasable","16":"product-type-variable"},"acf":[],"_links":{"self":[{"href":"https:\/\/eterna.ee\/ru\/wp-json\/wp\/v2\/product\/20306","targetHints":{"allow":["GET"]}}],"collection":[{"href":"https:\/\/eterna.ee\/ru\/wp-json\/wp\/v2\/product"}],"about":[{"href":"https:\/\/eterna.ee\/ru\/wp-json\/wp\/v2\/types\/product"}],"replies":[{"embeddable":true,"href":"https:\/\/eterna.ee\/ru\/wp-json\/wp\/v2\/comments?post=20306"}],"wp:featuredmedia":[{"embeddable":true,"href":"https:\/\/eterna.ee\/ru\/wp-json\/wp\/v2\/media\/20309"}],"wp:attachment":[{"href":"https:\/\/eterna.ee\/ru\/wp-json\/wp\/v2\/media?parent=20306"}],"wp:term":[{"taxonomy":"product_brand","embeddable":true,"href":"https:\/\/eterna.ee\/ru\/wp-json\/wp\/v2\/product_brand?post=20306"},{"taxonomy":"product_cat","embeddable":true,"href":"https:\/\/eterna.ee\/ru\/wp-json\/wp\/v2\/product_cat?post=20306"},{"taxonomy":"product_tag","embeddable":true,"href":"https:\/\/eterna.ee\/ru\/wp-json\/wp\/v2\/product_tag?post=20306"},{"taxonomy":"category-course","embeddable":true,"href":"https:\/\/eterna.ee\/ru\/wp-json\/wp\/v2\/category-courses?post=20306"},{"taxonomy":"course-type","embeddable":true,"href":"https:\/\/eterna.ee\/ru\/wp-json\/wp\/v2\/course-type?post=20306"}],"curies":[{"name":"wp","href":"https:\/\/api.w.org\/{rel}","templated":true}]}}