{"id":9345,"date":"2023-11-14T16:40:49","date_gmt":"2023-11-14T14:40:49","guid":{"rendered":"https:\/\/new.eterna.ee\/?post_type=product&#038;p=9345"},"modified":"2026-01-30T19:55:05","modified_gmt":"2026-01-30T17:55:05","slug":"estonskij-yazyk-uroven-v1-individualnoe-obuchenie","status":"publish","type":"product","link":"https:\/\/eterna.ee\/ru\/courses\/estonskij-yazyk-uroven-v1-individualnoe-obuchenie\/","title":{"rendered":"\u0418\u043d\u0434\u0438\u0432\u0438\u0434\u0443\u0430\u043b\u044c\u043d\u043e\u0435 \u043e\u0431\u0443\u0447\u0435\u043d\u0438\u0435: \u042d\u0441\u0442\u043e\u043d\u0441\u043a\u0438\u0439 \u044f\u0437\u044b\u043a, \u0443\u0440\u043e\u0432\u0435\u043d\u044c \u04121"},"content":{"rendered":"<p><span style=\"color: #000000;\">\u0418\u043d\u0434\u0438\u0432\u0438\u0434\u0443\u0430\u043b\u044c\u043d\u044b\u0439 \u043a\u0443\u0440\u0441 \u044d\u0441\u0442\u043e\u043d\u0441\u043a\u043e\u0433\u043e \u044f\u0437\u044b\u043a\u0430 B1\u00a0 \u0440\u0430\u0437\u0440\u0430\u0431\u043e\u0442\u0430\u043d \u0441\u043f\u0435\u0446\u0438\u0430\u043b\u044c\u043d\u043e \u0434\u043b\u044f \u0442\u0435\u0445, \u043a\u0442\u043e \u0443\u0436\u0435 \u0432\u043b\u0430\u0434\u0435\u0435\u0442 \u0431\u0430\u0437\u043e\u0432\u044b\u043c\u0438 \u0437\u043d\u0430\u043d\u0438\u044f\u043c\u0438 \u0438 \u0445\u043e\u0447\u0435\u0442 \u0433\u043e\u0432\u043e\u0440\u0438\u0442\u044c \u043f\u043e-\u044d\u0441\u0442\u043e\u043d\u0441\u043a\u0438 \u0441\u0432\u043e\u0431\u043e\u0434\u043d\u0435\u0435 \u0438 \u0443\u0432\u0435\u0440\u0435\u043d\u043d\u0435\u0435, \u0430 \u0442\u0430\u043a\u0436\u0435 \u0443\u0441\u043f\u0435\u0448\u043d\u043e \u0441\u0434\u0430\u0442\u044c \u0443\u0440\u043e\u0432\u043d\u0435\u0432\u044b\u0439 \u044d\u043a\u0437\u0430\u043c\u0435\u043d<\/span><\/p>\n<p><strong>\u0423\u0440\u043e\u0432\u0435\u043d\u044c<\/strong>\u00a0<strong data-start=\"640\" data-end=\"646\">B1<\/strong>\u00a0\u043f\u043e \u0415\u0432\u0440\u043e\u043f\u0435\u0439\u0441\u043a\u043e\u0439 \u0441\u0438\u0441\u0442\u0435\u043c\u0435 \u043e\u0446\u0435\u043d\u043a\u0438 \u044f\u0437\u044b\u043a\u043e\u0432\u044b\u0445 \u043d\u0430\u0432\u044b\u043a\u043e\u0432 (CEFR) \u043e\u0437\u043d\u0430\u0447\u0430\u0435\u0442<strong data-start=\"708\" data-end=\"748\">\u00a0\u0443\u0440\u043e\u0432\u0435\u043d\u044c, \u0434\u043e\u0441\u0442\u0430\u0442\u043e\u0447\u043d\u044b\u0439 \u0434\u043b\u044f \u0443\u0432\u0435\u0440\u0435\u043d\u043d\u043e\u0433\u043e \u043e\u0431\u0449\u0435\u043d\u0438\u044f, \u0440\u0435\u0448\u0435\u043d\u0438\u044f \u0431\u044b\u0442\u043e\u0432\u044b\u0445 \u0437\u0430\u0434\u0430\u0447 \u0438 \u043f\u0440\u043e\u0444\u0435\u0441\u0441\u0438\u043e\u043d\u0430\u043b\u044c\u043d\u043e\u0433\u043e \u0432\u0437\u0430\u0438\u043c\u043e\u0434\u0435\u0439\u0441\u0442\u0432\u0438\u044f \u0432 \u042d\u0441\u0442\u043e\u043d\u0438\u0438.<\/strong><\/p>\n<p><strong>\ud83d\udccd\u00a0\u041e\u0431\u0443\u0447\u0435\u043d\u0438\u0435 \u043f\u0440\u043e\u0445\u043e\u0434\u0438\u0442 \u0432 \u0419\u044b\u0445\u0432\u0438, \u041a\u043e\u0445\u0442\u043b\u0430-\u042f\u0440\u0432\u0435 \u0438 \u043e\u043d\u043b\u0430\u0439\u043d<\/strong><\/p>\n<h3><strong>\u041f\u0440\u0435\u0438\u043c\u0443\u0449\u0435\u0441\u0442\u0432\u0430 \u043a\u0443\u0440\u0441\u0430:<\/strong><\/h3>\n<ul>\n<li><strong>\u041f\u0440\u0430\u043a\u0442\u0438\u0447\u0435\u0441\u043a\u0430\u044f \u043d\u0430\u043f\u0440\u0430\u0432\u043b\u0435\u043d\u043d\u043e\u0441\u0442\u044c:<\/strong>\u00a0\u0430\u043a\u0446\u0435\u043d\u0442 \u043d\u0430 \u0438\u0441\u043f\u043e\u043b\u044c\u0437\u043e\u0432\u0430\u043d\u0438\u0438 \u044f\u0437\u044b\u043a\u0430 \u0432 \u0440\u0435\u0430\u043b\u044c\u043d\u044b\u0445 \u0441\u0438\u0442\u0443\u0430\u0446\u0438\u044f\u0445 \u043e\u0431\u0449\u0435\u043d\u0438\u044f, \u043d\u0430 \u0440\u0430\u0431\u043e\u0442\u0435 \u0438 \u0432 \u0443\u0447\u0451\u0431\u0435<\/li>\n<li><strong>\u042d\u0444\u0444\u0435\u043a\u0442\u0438\u0432\u043d\u0430\u044f \u043f\u043e\u0434\u0433\u043e\u0442\u043e\u0432\u043a\u0430 \u043a \u044d\u043a\u0437\u0430\u043c\u0435\u043d\u0443 B1:<\/strong>\u00a0\u0442\u0435\u043c\u0430\u0442\u0438\u0447\u0435\u0441\u043a\u0438\u0435 \u0443\u0440\u043e\u043a\u0438, \u0442\u0435\u0441\u0442\u044b \u0438 \u0441\u0442\u0440\u0430\u0442\u0435\u0433\u0438\u0438 \u0443\u0441\u043f\u0435\u0448\u043d\u043e\u0439 \u0441\u0434\u0430\u0447\u0438 \u044d\u043a\u0437\u0430\u043c\u0435\u043d\u0430<\/li>\n<li><strong data-start=\"1378\" data-end=\"1404\">\u0418\u043d\u0434\u0438\u0432\u0438\u0434\u0443\u0430\u043b\u044c\u043d\u044b\u0439 \u043f\u043e\u0434\u0445\u043e\u0434:<\/strong>\u00a0\u043f\u0440\u0435\u043f\u043e\u0434\u0430\u0432\u0430\u0442\u0435\u043b\u0438 \u0430\u0434\u0430\u043f\u0442\u0438\u0440\u0443\u044e\u0442 \u0442\u0435\u043c\u043f \u0438 \u0444\u043e\u0440\u043c\u0430\u0442 \u043f\u043e\u0434 \u0446\u0435\u043b\u0438 \u0441\u0442\u0443\u0434\u0435\u043d\u0442\u043e\u0432<\/li>\n<li><strong data-start=\"1516\" data-end=\"1539\">\u0421\u043f\u0435\u0446\u0438\u0430\u043b\u044c\u043d\u044b\u0435 \u0443\u0441\u043b\u043e\u0432\u0438\u044f<\/strong>\u00a0\u0434\u043b\u044f \u043f\u043e\u0441\u0442\u043e\u044f\u043d\u043d\u044b\u0445 \u043a\u043b\u0438\u0435\u043d\u0442\u043e\u0432<\/li>\n<li><strong>\u0412 \u0441\u0442\u043e\u0438\u043c\u043e\u0441\u0442\u044c \u0432\u043a\u043b\u044e\u0447\u0435\u043d\u044b \u0443\u0447\u0435\u0431\u043d\u044b\u0435 \u043c\u0430\u0442\u0435\u0440\u0438\u0430\u043b\u044b<\/strong><\/li>\n<\/ul>\n<h3><strong>\u0414\u043b\u044f \u043a\u043e\u0433\u043e \u043f\u043e\u0434\u043e\u0439\u0434\u0451\u0442 \u043a\u0443\u0440\u0441 \u044d\u0441\u0442\u043e\u043d\u0441\u043a\u043e\u0433\u043e \u044f\u0437\u044b\u043a\u0430 B1<\/strong><\/h3>\n<ul>\n<li>\u0414\u043b\u044f \u0442\u0435\u0445, \u043a\u0442\u043e \u0443\u0436\u0435 \u043e\u0441\u0432\u043e\u0438\u043b \u0443\u0440\u043e\u0432\u0435\u043d\u044c A2 \u0438 \u0445\u043e\u0447\u0435\u0442 \u043f\u0435\u0440\u0435\u0439\u0442\u0438 \u043d\u0430 \u0441\u043b\u0435\u0434\u0443\u044e\u0449\u0438\u0439 \u044d\u0442\u0430\u043f<\/li>\n<li>\u0414\u043b\u044f \u0442\u0435\u0445, \u043a\u0442\u043e\u00a0<strong data-start=\"428\" data-end=\"481\">\u043f\u043e\u0434\u0430\u0451\u0442 \u0434\u043e\u043a\u0443\u043c\u0435\u043d\u0442\u044b \u043d\u0430 \u043f\u043e\u043b\u0443\u0447\u0435\u043d\u0438\u0435 \u0433\u0440\u0430\u0436\u0434\u0430\u043d\u0441\u0442\u0432\u0430 \u042d\u0441\u0442\u043e\u043d\u0438\u0438<\/strong>\u00a0\u0438 \u0445\u043e\u0447\u0435\u0442 \u0443\u0432\u0435\u0440\u0435\u043d\u043d\u043e \u043f\u0440\u043e\u0439\u0442\u0438 \u044f\u0437\u044b\u043a\u043e\u0432\u043e\u0435 \u0442\u0435\u0441\u0442\u0438\u0440\u043e\u0432\u0430\u043d\u0438\u0435<\/li>\n<li>\u0414\u043b\u044f \u0432\u0441\u0435\u0445, \u043a\u0442\u043e \u0433\u043e\u0442\u043e\u0432\u0438\u0442\u0441\u044f\u00a0<strong data-start=\"985\" data-end=\"1016\">\u0441\u0434\u0430\u0442\u044c \u044d\u043a\u0437\u0430\u043c\u0435\u043d \u043d\u0430 \u0443\u0440\u043e\u0432\u0435\u043d\u044c B1<\/strong><\/li>\n<li>\u0414\u043b\u044f \u0432\u0441\u0435\u0445, \u043a\u0442\u043e \u0445\u043e\u0447\u0435\u0442 \u0441\u0438\u0441\u0442\u0435\u043c\u0430\u0442\u0438\u0437\u0438\u0440\u043e\u0432\u0430\u0442\u044c \u0437\u043d\u0430\u043d\u0438\u044f, \u043f\u043e\u043f\u043e\u043b\u043d\u0438\u0442\u044c \u0441\u043b\u043e\u0432\u0430\u0440\u043d\u044b\u0439 \u0437\u0430\u043f\u0430\u0441 \u0438 \u0443\u043b\u0443\u0447\u0448\u0438\u0442\u044c \u043f\u0440\u043e\u0438\u0437\u043d\u043e\u0448\u0435\u043d\u0438\u0435.<\/li>\n<\/ul>\n<h3><strong>\u0423\u0447\u0435\u0431\u043d\u0430\u044f \u043f\u0440\u043e\u0433\u0440\u0430\u043c\u043c\u0430:<\/strong><\/h3>\n<p>\u041e\u0437\u043d\u0430\u043a\u043e\u043c\u0438\u0442\u044c\u0441\u044f \u0441 \u0443\u0447\u0435\u0431\u043d\u043e\u0439 \u043f\u0440\u043e\u0433\u0440\u0430\u043c\u043c\u043e\u0439 \u043c\u043e\u0436\u043d\u043e <span class=\"popmake-12059 notion-enable-hover\" style=\"color: #ff6600;\" data-token-index=\"1\">\u0437\u0434\u0435\u0441\u044c<\/span><\/p>\n<details class=\"details-toggle\">\n<summary>\n    <span class=\"arrow\">\u25b6<\/span><br \/>\n    <span class=\"text\">\u041f\u043e\u043a\u0430\u0437\u0430\u0442\u044c \u043f\u043e\u0434\u0440\u043e\u0431\u043d\u043e\u0435 \u043e\u043f\u0438\u0441\u0430\u043d\u0438\u0435<\/span><br \/>\n  <\/summary>\n<div class=\"details-content\">\n<p><strong>Eesti keel, B1-tase (individuaal\u00f5pe)<\/strong><\/p>\n<p><strong>1. T\u00e4ienduskoolitusasutuse nimetus:<\/strong><br \/>\n    Eterna Koolituskeskus O\u00dc<\/p>\n<p><strong>2. \u00d5ppekava nimetus:<\/strong><br \/>\n    Eesti keel, B1-tase (individuaal\u00f5pe)<\/p>\n<p><strong>3. \u00d5ppekavar\u00fchm:<\/strong><br \/>\n    Keele\u00f5pe<\/p>\n<p><strong>4. \u00d5ppe kogumaht:<\/strong><br \/>\n    \u00d5ppe kogumaht on 60 ak tundi, millest 40 on ak tundi auditoorset \u00f5pet ja 20 ak tundi iseseisvat t\u00f6\u00f6d.<\/p>\n<p><strong>5. \u00d5ppekava koostamise alus:<\/strong><br \/>\n    Euroopa keele\u00f5ppe raamdokument<\/p>\n<p><strong>6. Sihtr\u00fchm ja \u00f5ppe alustamise tingimused:<\/strong><br \/>\n    Sihtr\u00fchmaks on t\u00e4iskasvanud, kelle keeleoskuse tase vastab A2-tasemele ning kes soovivad j\u00e4tkata eesti keele \u00f5ppimist.<br \/>\n    \u00d5ppe alustamise tingimuseks on koolitusele registreerimine ja Eterna Koolituskeskuse keeletaseme testimise (vestluse)<br \/>\n    l\u00e4bimine tulemusega v\u00e4hemalt 50%.<\/p>\n<p><strong>7. \u00d5ppe eesm\u00e4rk:<\/strong><\/p>\n<p>\n    Koolituse eesm\u00e4rgiks on t\u00f5sta \u00f5ppija keeletaset ja arendada k\u00f5iki osaoskusi, arvestades \u00f5ppija varem saavutatud<br \/>\n    keeletaset, \u00f5ppevajadusi ja eesti keele valdamisega seonduvaid isiklikke eesm\u00e4rke.<br \/>\n    Koolitus toimub individuaal\u00f5ppekava j\u00e4rgi.<br \/>\n    Koolituse l\u00f5puks on \u00f5ppija omandanud oskuse k\u00f5neleda ja kirjutada eesti keeles lihtsamaid lauseid ja tekste,<br \/>\n    saab hakkama igap\u00e4evastes suhtlussituatsioonides ning omab algteadmisi eesti grammatika valdkonnas.\n    <\/p>\n<p><strong>8. \u00d5piv\u00e4ljundid:<\/strong><\/p>\n<p><strong>Kuulamine:<\/strong><\/p>\n<ul>\n<li>saab aru olulisest infost tuttaval teemal ning igap\u00e4evaeluga seotud \u00fcksikasjadest;<\/li>\n<\/ul>\n<p><strong>R\u00e4\u00e4kimine:<\/strong><\/p>\n<ul>\n<li>saab hakkama igap\u00e4evastes suhtlussituatsioonides;<\/li>\n<li>oskab spontaanselt alustada vestlust tuttavatel teemadel.<\/li>\n<\/ul>\n<p><strong>Lugemine:<\/strong><\/p>\n<ul>\n<li>saab aru s\u00fcndmuste, m\u00f5tete ja soovide kirjeldusest isiklikes kirjades ning lihtsama s\u00f5nastusega tekstides;<\/li>\n<\/ul>\n<p><strong>Kirjutamine:<\/strong><\/p>\n<ul>\n<li>koostab lihtsat seostatud teksti (sh ettekannet) tuttaval v\u00f5i huvipakkuval teemal;<\/li>\n<li>kirjutab isiklikke kirju ja teateid ning edastab uudiseid.<\/li>\n<\/ul>\n<p><strong>9. \u00d5ppesisu:<\/strong><\/p>\n<ul>\n<li>Endast r\u00e4\u00e4kimine<\/li>\n<li>Pere<\/li>\n<li>Haridus ja t\u00f6\u00f6<\/li>\n<li>Huvialad<\/li>\n<li>Igap\u00e4evaelu<\/li>\n<li>Vaba aeg ja meelelahutus<\/li>\n<li>Kodu ja kodukoht<\/li>\n<li>Enesetunne ja tervis<\/li>\n<li>Sisseostud ja hinnad<\/li>\n<li>S\u00f6\u00f6k ja jook<\/li>\n<li>Inimeste suhted \u00fchiskonnas<\/li>\n<li>Keskkond, loodus, ilm<\/li>\n<li>Linn<\/li>\n<li>Transport<\/li>\n<li>Kultuur ja keeled<\/li>\n<li>Reisimine ja vaatamisv\u00e4\u00e4rsused<\/li>\n<\/ul>\n<p><strong>17. \u00d5ppekava kinnitamise aeg:<\/strong><br \/>\n    06.06.2016<\/p>\n<\/p><\/div>\n<\/details>\n<style>\n.details-toggle summary {\n  cursor: pointer;\n  list-style: none;\n  display: flex;\n  align-items: center;\n  gap: 6px;\n  font-weight: 600;\n}<\/p>\n<p>.details-toggle summary::-webkit-details-marker {\n  display: none;\n}<\/p>\n<p>.details-toggle .arrow {\n  transition: transform 0.2s ease;\n}<\/p>\n<p>.details-toggle[open] .arrow {\n  transform: rotate(90deg);\n}<\/p>\n<p>.details-content {\n  margin-top: 12px;\n}\n<\/style>\n<\/details>\n<p>\u041e\u0437\u043d\u0430\u043a\u043e\u043c\u044c\u0442\u0435\u0441\u044c \u0442\u0430\u043a\u0436\u0435 \u0441 \u0434\u0440\u0443\u0433\u0438\u043c\u0438 \u043d\u0430\u0448\u0438\u043c\u0438\u00a0<a class=\"decorated-link cursor-pointer\" href=\"https:\/\/eterna.ee\/ru\/category-course\/estonian\/?view=card\" target=\"_new\" rel=\"noopener\" data-start=\"1413\" data-end=\"1478\">\u043a\u0443\u0440\u0441\u0430\u043c\u0438 \u043f\u043e \u044d\u0441\u0442\u043e\u043d\u0441\u043a\u043e\u043c\u0443 \u044f\u0437\u044b\u043a\u0443<\/a><\/p>\n<h3><strong><span style=\"color: #000000;\">\u041f\u0440\u043e\u0434\u043e\u043b\u0436\u0438\u0442\u0435\u043b\u044c\u043d\u043e\u0441\u0442\u044c \u043e\u0431\u0443\u0447\u0435\u043d\u0438\u044f:<\/span><\/strong><\/h3>\n<p>60 \u0430\u043a. \u0447\u0430\u0441\u043e\u0432 = 40 \u0430\u043a. \u0447\u0430\u0441\u043e\u0432 \u0430\u0443\u0434\u0438\u0442\u043e\u0440\u043d\u043e\u0439 \u0440\u0430\u0431\u043e\u0442\u044b + 20 \u0430\u043a. \u0447\u0430\u0441\u043e\u0432 \u0441\u0430\u043c\u043e\u0441\u0442\u043e\u044f\u0442\u0435\u043b\u044c\u043d\u043e\u0439 \u0440\u0430\u0431\u043e\u0442\u044b<\/p>\n<h3 style=\"font-weight: 600;\"><strong>\u041f\u043e\u0447\u0435\u043c\u0443\u00a0 \u0441\u0442\u043e\u0438\u0442 \u0432\u044b\u0431\u0440\u0430\u0442\u044c \u0438\u043d\u0434\u0438\u0432\u0438\u0434\u0443\u0430\u043b\u044c\u043d\u044b\u0439 \u043a\u0443\u0440\u0441 \u044d\u0441\u0442\u043e\u043d\u0441\u043a\u043e\u0433\u043e \u044f\u0437\u044b\u043a\u0430?<\/strong><\/h3>\n<ul>\n<li><strong>\u041f\u0435\u0440\u0441\u043e\u043d\u0430\u043b\u0438\u0437\u0438\u0440\u043e\u0432\u0430\u043d\u043d\u044b\u0439 \u043f\u043e\u0434\u0445\u043e\u0434 \u0438 \u0433\u0438\u0431\u043a\u0438\u0439 \u0433\u0440\u0430\u0444\u0438\u043a:<\/strong> \u043f\u0440\u043e\u0433\u0440\u0430\u043c\u043c\u0430 \u043e\u0431\u0443\u0447\u0435\u043d\u0438\u044f \u0432\u044b\u0441\u0442\u0440\u0430\u0438\u0432\u0430\u0435\u0442\u0441\u044f\u00a0 \u0432 \u0441\u043e\u043e\u0442\u0432\u0435\u0442\u0441\u0442\u0432\u0438\u0438 \u0441 \u0432\u0430\u0448\u0438\u043c\u0438 \u0438\u043d\u0434\u0438\u0432\u0438\u0434\u0443\u0430\u043b\u044c\u043d\u044b\u043c\u0438 \u043f\u043e\u0442\u0440\u0435\u0431\u043d\u043e\u0441\u0442\u044f\u043c\u0438 \u0438 \u0443\u0440\u043e\u0432\u043d\u0435\u043c \u0437\u043d\u0430\u043d\u0438\u0439<\/li>\n<li><strong>\u0413\u0438\u0431\u043a\u0438\u0439 \u0433\u0440\u0430\u0444\u0438\u043a:<\/strong> \u0437\u0430\u043d\u0438\u043c\u0430\u0439\u0442\u0435\u0441\u044c \u0432 \u0443\u0434\u043e\u0431\u043d\u043e\u0435 \u0434\u043b\u044f \u0432\u0430\u0441 \u0432\u0440\u0435\u043c\u044f<\/li>\n<li><strong>\u0411\u043e\u043b\u044c\u0448\u0435 \u0432\u043d\u0438\u043c\u0430\u043d\u0438\u044f \u043a \u0434\u0435\u0442\u0430\u043b\u044f\u043c:<\/strong> \u0431\u043e\u043b\u044c\u0448\u0435 \u0432\u043d\u0438\u043c\u0430\u043d\u0438\u044f \u043e\u0441\u043e\u0431\u0435\u043d\u043d\u043e\u0441\u0442\u044f\u043c \u043f\u0440\u043e\u0438\u0437\u043d\u043e\u0448\u0435\u043d\u0438\u044f, \u0433\u0440\u0430\u043c\u043c\u0430\u0442\u0438\u043a\u0435 \u0438 \u0441\u043b\u043e\u0432\u0430\u0440\u043d\u043e\u043c\u0443 \u0437\u0430\u043f\u0430\u0441\u0443<\/li>\n<li><strong>\u0412\u043e\u0437\u043c\u043e\u0436\u043d\u043e\u0441\u0442\u044c \u0434\u0432\u0438\u0433\u0430\u0442\u044c\u0441\u044f \u0432 \u0441\u043e\u0431\u0441\u0442\u0432\u0435\u043d\u043d\u043e\u043c \u0442\u0435\u043c\u043f\u0435:<\/strong> \u043f\u0440\u043e\u0434\u0432\u0438\u0436\u0435\u043d\u0438\u0435 \u0432\u043f\u0435\u0440\u0435\u0434 \u0441\u043e\u0433\u043b\u0430\u0441\u043d\u043e \u043f\u0435\u0440\u0441\u043e\u043d\u0430\u043b\u044c\u043d\u043e\u043c\u0443 \u0442\u0435\u043c\u043f\u0443 \u043e\u0431\u0443\u0447\u0435\u043d\u0438\u044f, \u0431\u0435\u0437 \u0434\u0430\u0432\u043b\u0435\u043d\u0438\u044f \u0438 \u0441\u043f\u0435\u0448\u043a\u0438<\/li>\n<li><strong>\u0411\u043e\u043b\u044c\u0448\u0435 \u043f\u0440\u0430\u043a\u0442\u0438\u043a\u0438 \u0440\u0430\u0437\u0433\u043e\u0432\u043e\u0440\u043d\u043e\u0439 \u0440\u0435\u0447\u0438:<\/strong> \u043c\u0430\u043a\u0441\u0438\u043c\u0443\u043c \u0440\u0430\u0437\u0433\u043e\u0432\u043e\u0440\u043d\u043e\u0439 \u043f\u0440\u0430\u043a\u0442\u0438\u043a\u0438 \u0438 \u0430\u0434\u0430\u043f\u0442\u0430\u0446\u0438\u044f \u0442\u0435\u043c \u043a \u0432\u0430\u0448\u0438\u043c \u0438\u043d\u0442\u0435\u0440\u0435\u0441\u0430\u043c<\/li>\n<\/ul>\n<h3><strong>\u041f\u043e\u0441\u043b\u0435 \u043e\u0431\u0443\u0447\u0435\u043d\u0438\u044f \u0432\u044b \u0441\u043c\u043e\u0436\u0435\u0442\u0435:<\/strong><\/h3>\n<ul>\n<li>\u041f\u043e\u043d\u0438\u043c\u0430\u0442\u044c \u043e\u0441\u043d\u043e\u0432\u043d\u0443\u044e \u0438\u043d\u0444\u043e\u0440\u043c\u0430\u0446\u0438\u044e \u043d\u0430 \u0437\u043d\u0430\u043a\u043e\u043c\u044b\u0435 \u0442\u0435\u043c\u044b, \u0443\u043b\u0430\u0432\u043b\u0438\u0432\u0430\u0442\u044c \u043a\u043b\u044e\u0447\u0435\u0432\u044b\u0435 \u0434\u0435\u0442\u0430\u043b\u0438 \u0432 \u0443\u0441\u0442\u043d\u043e\u0439 \u0438 \u043f\u0438\u0441\u044c\u043c\u0435\u043d\u043d\u043e\u0439 \u0440\u0435\u0447\u0438;<\/li>\n<li>\u041f\u043e\u0434\u0434\u0435\u0440\u0436\u0438\u0432\u0430\u0442\u044c \u0431\u0435\u0441\u0435\u0434\u0443, \u0432\u044b\u0440\u0430\u0436\u0430\u0442\u044c \u0441\u0432\u043e\u0451 \u043c\u043d\u0435\u043d\u0438\u0435 \u0438 \u043e\u043f\u0438\u0441\u044b\u0432\u0430\u0442\u044c \u0441\u043e\u0431\u044b\u0442\u0438\u044f;<\/li>\n<li>\u0427\u0438\u0442\u0430\u0442\u044c \u0442\u0435\u043a\u0441\u0442\u044b, \u0441\u0432\u044f\u0437\u0430\u043d\u043d\u044b\u0435 \u0441 \u043f\u043e\u0432\u0441\u0435\u0434\u043d\u0435\u0432\u043d\u044b\u043c\u0438 \u0438 \u043f\u0440\u043e\u0444\u0435\u0441\u0441\u0438\u043e\u043d\u0430\u043b\u044c\u043d\u044b\u043c\u0438 \u0441\u0438\u0442\u0443\u0430\u0446\u0438\u044f\u043c\u0438<\/li>\n<li>\u041f\u0438\u0441\u0430\u0442\u044c \u043f\u0440\u043e\u0441\u0442\u044b\u0435, \u043b\u043e\u0433\u0438\u0447\u043d\u044b\u0435 \u0442\u0435\u043a\u0441\u0442\u044b \u043d\u0430 \u0438\u043d\u0442\u0435\u0440\u0435\u0441\u0443\u044e\u0449\u0438\u0435 \u0442\u0435\u043c\u044b<\/li>\n<li>\u0420\u0430\u0441\u0448\u0438\u0440\u0438\u0442\u044c \u0441\u0432\u043e\u0438 \u0432\u043e\u0437\u043c\u043e\u0436\u043d\u043e\u0441\u0442\u0438 \u0432 \u0443\u0447\u0451\u0431\u0435, \u0440\u0430\u0431\u043e\u0442\u0435 \u0438 \u043f\u043e\u0432\u0441\u0435\u0434\u043d\u0435\u0432\u043d\u043e\u0439 \u0436\u0438\u0437\u043d\u0438 \u0431\u043b\u0430\u0433\u043e\u0434\u0430\u0440\u044f \u0443\u0432\u0435\u0440\u0435\u043d\u043d\u044b\u043c \u044f\u0437\u044b\u043a\u043e\u0432\u044b\u043c \u043d\u0430\u0432\u044b\u043a\u0430\u043c<\/li>\n<\/ul>\n<p>\ud83c\udf93\u00a0<strong data-start=\"2236\" data-end=\"2312\">\u041f\u043e\u0441\u043b\u0435 \u0437\u0430\u0432\u0435\u0440\u0448\u0435\u043d\u0438\u044f \u043a\u0443\u0440\u0441\u0430 \u0432\u044b \u043f\u043e\u043b\u0443\u0447\u0438\u0442\u0435 \u0441\u0432\u0438\u0434\u0435\u0442\u0435\u043b\u044c\u0441\u0442\u0432\u043e \u0443\u0441\u0442\u0430\u043d\u043e\u0432\u043b\u0435\u043d\u043d\u043e\u0433\u043e \u043e\u0431\u0440\u0430\u0437\u0446\u0430<\/strong>, \u043f\u043e\u0434\u0442\u0432\u0435\u0440\u0436\u0434\u0430\u044e\u0449\u0435\u0435 \u0432\u0430\u0448 \u0443\u0440\u043e\u0432\u0435\u043d\u044c \u0432\u043b\u0430\u0434\u0435\u043d\u0438\u044f \u044f\u0437\u044b\u043a\u043e\u043c<\/p>\n<p><strong data-start=\"2374\" data-end=\"2421\">\u041f\u0440\u0438\u0441\u043e\u0435\u0434\u0438\u043d\u044f\u0439\u0442\u0435\u0441\u044c \u043a \u0438\u043d\u0434\u0438\u0432\u0438\u0434\u0443\u0430\u043b\u044c\u043d\u043e\u043c\u0443 \u043a\u0443\u0440\u0441\u0443 \u044d\u0441\u0442\u043e\u043d\u0441\u043a\u043e\u0433\u043e \u044f\u0437\u044b\u043a\u0430 B1<\/strong>, \u0447\u0442\u043e\u0431\u044b \u0443\u0432\u0435\u0440\u0435\u043d\u043d\u043e \u043e\u0431\u0449\u0430\u0442\u044c\u0441\u044f, \u0441\u043e\u0432\u0435\u0440\u0448\u0435\u043d\u0441\u0442\u0432\u043e\u0432\u0430\u0442\u044c \u043d\u0430\u0432\u044b\u043a\u0438 \u0438 \u0443\u0441\u043f\u0435\u0448\u043d\u043e \u0441\u0434\u0430\u0442\u044c \u044d\u043a\u0437\u0430\u043c\u0435\u043d \u043d\u0430 \u043a\u0430\u0442\u0435\u0433\u043e\u0440\u0438\u044e B1<\/p>\n<p>\u0421\u0432\u044f\u0436\u0438\u0442\u0435\u0441\u044c \u0441 \u043d\u0430\u043c\u0438, \u0447\u0442\u043e\u0431\u044b \u0441\u043e\u0433\u043b\u0430\u0441\u043e\u0432\u0430\u0442\u044c \u0433\u0440\u0430\u0444\u0438\u043a \u0438\u043d\u0434\u0438\u0432\u0438\u0434\u0443\u0430\u043b\u044c\u043d\u044b\u0445 \u0437\u0430\u043d\u044f\u0442\u0438\u0439 \u0441 \u043d\u0430\u0448\u0438\u043c \u043c\u0435\u043d\u0435\u0434\u0436\u0435\u0440\u043e\u043c<\/p>\n<p><strong><span style=\"color: #000000;\">\u041e\u0441\u0442\u0430\u043b\u0438\u0441\u044c \u0432\u043e\u043f\u0440\u043e\u0441\u044b? \u0414\u043e\u043f\u043e\u043b\u043d\u0438\u0442\u0435\u043b\u044c\u043d\u0430\u044f \u0438\u043d\u0444\u043e\u0440\u043c\u0430\u0446\u0438\u044f +372 5560\u00a0 5751 | koolitus@eterna.ee<\/span><\/strong><\/p>\n<p>&nbsp;<\/p>\n","protected":false},"excerpt":{"rendered":"<p>\u0418\u043d\u0434\u0438\u0432\u0438\u0434\u0443\u0430\u043b\u044c\u043d\u044b\u0439 \u043a\u0443\u0440\u0441 \u044d\u0441\u0442\u043e\u043d\u0441\u043a\u043e\u0433\u043e \u044f\u0437\u044b\u043a\u0430 B1\u00a0 \u0440\u0430\u0437\u0440\u0430\u0431\u043e\u0442\u0430\u043d \u0441\u043f\u0435\u0446\u0438\u0430\u043b\u044c\u043d\u043e \u0434\u043b\u044f \u0442\u0435\u0445, \u043a\u0442\u043e \u0443\u0436\u0435 \u0432\u043b\u0430\u0434\u0435\u0435\u0442 \u0431\u0430\u0437\u043e\u0432\u044b\u043c\u0438 \u0437\u043d\u0430\u043d\u0438\u044f\u043c\u0438 \u0438 \u0445\u043e\u0447\u0435\u0442 \u0433\u043e\u0432\u043e\u0440\u0438\u0442\u044c \u043f\u043e-\u044d\u0441\u0442\u043e\u043d\u0441\u043a\u0438 \u0441\u0432\u043e\u0431\u043e\u0434\u043d\u0435\u0435 \u0438 \u0443\u0432\u0435\u0440\u0435\u043d\u043d\u0435\u0435, \u0430 \u0442\u0430\u043a\u0436\u0435 \u0443\u0441\u043f\u0435\u0448\u043d\u043e \u0441\u0434\u0430\u0442\u044c \u0443\u0440\u043e\u0432\u043d\u0435\u0432\u044b\u0439 \u044d\u043a\u0437\u0430\u043c\u0435\u043d \u0423\u0440\u043e\u0432\u0435\u043d\u044c\u00a0B1\u00a0\u043f\u043e \u0415\u0432\u0440\u043e\u043f\u0435\u0439\u0441\u043a\u043e\u0439 \u0441\u0438\u0441\u0442\u0435\u043c\u0435 \u043e\u0446\u0435\u043d\u043a\u0438 \u044f\u0437\u044b\u043a\u043e\u0432\u044b\u0445 \u043d\u0430\u0432\u044b\u043a\u043e\u0432 (CEFR) \u043e\u0437\u043d\u0430\u0447\u0430\u0435\u0442\u00a0\u0443\u0440\u043e\u0432\u0435\u043d\u044c, \u0434\u043e\u0441\u0442\u0430\u0442\u043e\u0447\u043d\u044b\u0439 \u0434\u043b\u044f \u0443\u0432\u0435\u0440\u0435\u043d\u043d\u043e\u0433\u043e \u043e\u0431\u0449\u0435\u043d\u0438\u044f, \u0440\u0435\u0448\u0435\u043d\u0438\u044f \u0431\u044b\u0442\u043e\u0432\u044b\u0445 \u0437\u0430\u0434\u0430\u0447 \u0438 \u043f\u0440\u043e\u0444\u0435\u0441\u0441\u0438\u043e\u043d\u0430\u043b\u044c\u043d\u043e\u0433\u043e \u0432\u0437\u0430\u0438\u043c\u043e\u0434\u0435\u0439\u0441\u0442\u0432\u0438\u044f \u0432 \u042d\u0441\u0442\u043e\u043d\u0438\u0438. \ud83d\udccd\u00a0\u041e\u0431\u0443\u0447\u0435\u043d\u0438\u0435 \u043f\u0440\u043e\u0445\u043e\u0434\u0438\u0442 \u0432 \u0419\u044b\u0445\u0432\u0438, \u041a\u043e\u0445\u0442\u043b\u0430-\u042f\u0440\u0432\u0435 \u0438 \u043e\u043d\u043b\u0430\u0439\u043d \u041f\u0440\u0435\u0438\u043c\u0443\u0449\u0435\u0441\u0442\u0432\u0430 [&hellip;]<\/p>\n","protected":false},"featured_media":16572,"comment_status":"open","ping_status":"closed","template":"","meta":{"_acf_changed":false,"inline_featured_image":false},"product_brand":[],"product_cat":[15],"product_tag":[],"category-courses":[179,172],"course-type":[169],"class_list":{"0":"post-9345","1":"product","2":"type-product","3":"status-publish","4":"has-post-thumbnail","6":"product_cat-course","7":"category-course-estonian","8":"category-course-language","9":"course-type-kurs","11":"first","12":"instock","13":"taxable","14":"shipping-taxable","15":"purchasable","16":"product-type-variable"},"acf":[],"_links":{"self":[{"href":"https:\/\/eterna.ee\/ru\/wp-json\/wp\/v2\/product\/9345","targetHints":{"allow":["GET"]}}],"collection":[{"href":"https:\/\/eterna.ee\/ru\/wp-json\/wp\/v2\/product"}],"about":[{"href":"https:\/\/eterna.ee\/ru\/wp-json\/wp\/v2\/types\/product"}],"replies":[{"embeddable":true,"href":"https:\/\/eterna.ee\/ru\/wp-json\/wp\/v2\/comments?post=9345"}],"wp:featuredmedia":[{"embeddable":true,"href":"https:\/\/eterna.ee\/ru\/wp-json\/wp\/v2\/media\/16572"}],"wp:attachment":[{"href":"https:\/\/eterna.ee\/ru\/wp-json\/wp\/v2\/media?parent=9345"}],"wp:term":[{"taxonomy":"product_brand","embeddable":true,"href":"https:\/\/eterna.ee\/ru\/wp-json\/wp\/v2\/product_brand?post=9345"},{"taxonomy":"product_cat","embeddable":true,"href":"https:\/\/eterna.ee\/ru\/wp-json\/wp\/v2\/product_cat?post=9345"},{"taxonomy":"product_tag","embeddable":true,"href":"https:\/\/eterna.ee\/ru\/wp-json\/wp\/v2\/product_tag?post=9345"},{"taxonomy":"category-course","embeddable":true,"href":"https:\/\/eterna.ee\/ru\/wp-json\/wp\/v2\/category-courses?post=9345"},{"taxonomy":"course-type","embeddable":true,"href":"https:\/\/eterna.ee\/ru\/wp-json\/wp\/v2\/course-type?post=9345"}],"curies":[{"name":"wp","href":"https:\/\/api.w.org\/{rel}","templated":true}]}}